{"id":716,"date":"2019-07-23T17:09:23","date_gmt":"2019-07-23T16:09:23","guid":{"rendered":"http:\/\/www.touch-arts.com\/djeb\/?page_id=716"},"modified":"2023-11-21T20:32:54","modified_gmt":"2023-11-21T19:32:54","slug":"mentions-legales","status":"publish","type":"page","link":"https:\/\/www.touch-arts.com\/djeb\/mentions-legales\/","title":{"rendered":"Mentions L\u00e9gales"},"content":{"rendered":"\n<figure class=\"wp-block-image\"><img loading=\"lazy\" decoding=\"async\" width=\"1024\" height=\"1024\" src=\"http:\/\/www.touch-arts.com\/djeb\/wp-content\/uploads\/2019\/07\/logo-djeb-black-carre\u0301-1024x1024.jpg\" alt=\"Pour le respect des photographes\" class=\"wp-image-478\" srcset=\"https:\/\/www.touch-arts.com\/djeb\/wp-content\/uploads\/2019\/07\/logo-djeb-black-carre\u0301-1024x1024.jpg 1024w, https:\/\/www.touch-arts.com\/djeb\/wp-content\/uploads\/2019\/07\/logo-djeb-black-carre\u0301-150x150.jpg 150w, https:\/\/www.touch-arts.com\/djeb\/wp-content\/uploads\/2019\/07\/logo-djeb-black-carre\u0301-300x300.jpg 300w, https:\/\/www.touch-arts.com\/djeb\/wp-content\/uploads\/2019\/07\/logo-djeb-black-carre\u0301-768x768.jpg 768w, https:\/\/www.touch-arts.com\/djeb\/wp-content\/uploads\/2019\/07\/logo-djeb-black-carre\u0301.jpg 1245w\" sizes=\"auto, (max-width: 1024px) 100vw, 1024px\" \/><\/figure>\n\n\n\n<h2 class=\"wp-block-heading\"><em><justify>MENTIONS L\u00c9GALES  <\/justify><\/em><\/h2>\n\n\n\n<p><justify>Les photographies et textes pr\u00e9sents sur ce site sont prot\u00e9g\u00e9es par la l\u00e9gislation en vigueur sur le droit d\u2019auteur. Toute utilisation frauduleuse totale ou partielle du contenu photographique et textuel de ce site sans autorisation expresse de l\u2019auteur est formellement interdite (article L122-4 du Code de la Propri\u00e9t\u00e9 Intellectuelle).<\/justify><br><br><br>Ne pas modifier, copier, diffuser mes photos sans ma permission \u00e9crite. Les photographies sont prot\u00e9g\u00e9es par la l\u00e9gislation en vigueur sur le droit d\u2019auteur. Toute utilisation frauduleuse totale ou partielle du contenu photographique et textuel de ce site sans autorisation expresse de l\u2019auteur est formellement interdite (article L122-4 du Code de la Propri\u00e9t\u00e9 Intellectuelle). <br><br><br>Le maquillage ou effacement des \u00e9l\u00e9ments de propri\u00e9t\u00e9 et le recadrage sont formellement interdits. Les contrevenants s\u2019exposent \u00e0 des poursuites, conform\u00e9ment aux articles L335-2 et L335-3 du Code de la Propri\u00e9t\u00e9 Intellectuelle.<br><br><em><br>\u00a0\u00bb Absence de signature. Il arrive fr\u00e9quemment que des \u0153uvres soient diffus\u00e9es sans que le nom de l&rsquo;auteur soit mentionn\u00e9. Ces pratiques sont ill\u00e9gales au sens de l&rsquo;art. L.121-1 du CPI. Sous de nombreuses publications de photographies dans la presse, il appara\u00eet la mention \u00ab DR \u00bb (Droits R\u00e9serv\u00e9s).<\/em><\/p>\n\n\n\n<p><em> Cette pratique, loin d&rsquo;\u00eatre marginale, est manifestement ill\u00e9gale au regard du droit moral de l&rsquo;auteur et du monopole d&rsquo;exploitation dont b\u00e9n\u00e9ficie l&rsquo;auteur.<br>Il est \u00e0 rappeler que les \u0153uvres dont on ne conna\u00eet pas l&rsquo;auteur (\u00ab \u0153uvres orphelines \u00bb) ne peuvent nullement \u00eatre exploit\u00e9es sans accord de l&rsquo;auteur.<\/em><\/p>\n\n\n\n<p>\u00a9 Djeb \u00ae 2001-2024<\/p>\n","protected":false},"excerpt":{"rendered":"<p>MENTIONS L\u00c9GALES Les photographies et textes pr\u00e9sents sur ce site sont prot\u00e9g\u00e9es par la l\u00e9gislation en vigueur sur le droit d\u2019auteur. Toute utilisation frauduleuse totale ou partielle du contenu photographique et textuel de ce site sans autorisation expresse de l\u2019auteur est formellement interdite (article L122-4 du Code de la Propri\u00e9t\u00e9 Intellectuelle). Ne pas modifier, copier, diffuser mes photos sans ma permission \u00e9crite. Les photographies sont prot\u00e9g\u00e9es par la l\u00e9gislation en vigueur sur le droit d\u2019auteur.[&#8230;]<\/p>\n","protected":false},"author":1,"featured_media":0,"parent":0,"menu_order":0,"comment_status":"closed","ping_status":"closed","template":"","meta":{"footnotes":""},"class_list":["post-716","page","type-page","status-publish","hentry"],"jetpack_sharing_enabled":true,"_links":{"self":[{"href":"https:\/\/www.touch-arts.com\/djeb\/wp-json\/wp\/v2\/pages\/716","targetHints":{"allow":["GET"]}}],"collection":[{"href":"https:\/\/www.touch-arts.com\/djeb\/wp-json\/wp\/v2\/pages"}],"about":[{"href":"https:\/\/www.touch-arts.com\/djeb\/wp-json\/wp\/v2\/types\/page"}],"author":[{"embeddable":true,"href":"https:\/\/www.touch-arts.com\/djeb\/wp-json\/wp\/v2\/users\/1"}],"replies":[{"embeddable":true,"href":"https:\/\/www.touch-arts.com\/djeb\/wp-json\/wp\/v2\/comments?post=716"}],"version-history":[{"count":6,"href":"https:\/\/www.touch-arts.com\/djeb\/wp-json\/wp\/v2\/pages\/716\/revisions"}],"predecessor-version":[{"id":764,"href":"https:\/\/www.touch-arts.com\/djeb\/wp-json\/wp\/v2\/pages\/716\/revisions\/764"}],"wp:attachment":[{"href":"https:\/\/www.touch-arts.com\/djeb\/wp-json\/wp\/v2\/media?parent=716"}],"curies":[{"name":"wp","href":"https:\/\/api.w.org\/{rel}","templated":true}]}}